{"id":2014,"date":"2016-07-19T23:53:46","date_gmt":"2016-07-19T22:53:46","guid":{"rendered":"http:\/\/lauracampmany.com\/?page_id=2014"},"modified":"2016-09-30T13:08:08","modified_gmt":"2016-09-30T12:08:08","slug":"verbigracia","status":"publish","type":"page","link":"https:\/\/lauracampmany.com\/?page_id=2014","title":{"rendered":"Verbigracia"},"content":{"rendered":"<h4><b>VERBIGRACIA (Excritos, Bruselas, 2001)<\/b><\/h4>\n<p>A la vez peque\u00f1o y compacto, con vocaci\u00f3n de miniatura, asom\u00e1ndose al mundo con delicadeza, con amargura, con asombro, compuesto de breves y no tan breves instant\u00e1neas en que lo material, la experiencia sensible, desemboca en variados estados de conciencia, Verbigracia es un libro que quisiera detener la vida all\u00ed donde la vida cobra pleno sentido: en el amor, en el gozo, en la soledad o en la muerte. Por ejemplo.<\/p>\n<div class=\"issuuembed\" style=\"width: 800px; height: 566px;\" data-configid=\"26264592\/38819052\"><\/div>\n<p><script src=\"\/\/e.issuu.com\/embed.js\" async=\"true\" type=\"text\/javascript\"><\/script><\/p>\n","protected":false},"excerpt":{"rendered":"<p>VERBIGRACIA (Excritos, Bruselas, 2001) A la vez peque\u00f1o y compacto, con vocaci\u00f3n de miniatura, asom\u00e1ndose al mundo con delicadeza, con amargura, con asombro, compuesto de breves y no tan breves instant\u00e1neas en que lo material, la experiencia sensible, desemboca en variados estados de conciencia, Verbigracia es un libro que quisiera detener la vida all\u00ed donde<\/p>\n<div><a class=\"btn-filled btn\" href=\"https:\/\/lauracampmany.com\/?page_id=2014\" title=\"Verbigracia\">Read More<\/a><\/div>\n","protected":false},"author":1,"featured_media":0,"parent":0,"menu_order":0,"comment_status":"closed","ping_status":"closed","template":"","meta":[],"_links":{"self":[{"href":"https:\/\/lauracampmany.com\/index.php?rest_route=\/wp\/v2\/pages\/2014"}],"collection":[{"href":"https:\/\/lauracampmany.com\/index.php?rest_route=\/wp\/v2\/pages"}],"about":[{"href":"https:\/\/lauracampmany.com\/index.php?rest_route=\/wp\/v2\/types\/page"}],"author":[{"embeddable":true,"href":"https:\/\/lauracampmany.com\/index.php?rest_route=\/wp\/v2\/users\/1"}],"replies":[{"embeddable":true,"href":"https:\/\/lauracampmany.com\/index.php?rest_route=%2Fwp%2Fv2%2Fcomments&post=2014"}],"version-history":[{"count":7,"href":"https:\/\/lauracampmany.com\/index.php?rest_route=\/wp\/v2\/pages\/2014\/revisions"}],"predecessor-version":[{"id":2305,"href":"https:\/\/lauracampmany.com\/index.php?rest_route=\/wp\/v2\/pages\/2014\/revisions\/2305"}],"wp:attachment":[{"href":"https:\/\/lauracampmany.com\/index.php?rest_route=%2Fwp%2Fv2%2Fmedia&parent=2014"}],"curies":[{"name":"wp","href":"https:\/\/api.w.org\/{rel}","templated":true}]}}