{"id":2093,"date":"2016-09-16T12:17:12","date_gmt":"2016-09-16T11:17:12","guid":{"rendered":"http:\/\/lauracampmany.com\/?page_id=2093"},"modified":"2016-09-30T13:08:44","modified_gmt":"2016-09-30T12:08:44","slug":"el-angel-fumador","status":"publish","type":"page","link":"https:\/\/lauracampmany.com\/?page_id=2093","title":{"rendered":"El \u00c1ngel Fumador"},"content":{"rendered":"<h4><b>EL \u00c1NGEL FUMADOR (La isla de Siltol\u00e1, Sevilla, 2012)<\/b><\/h4>\n<p>Comenta un lector en Amazon: \u00abPara empezar, destacar\u00eda la autenticidad que transmite desde el primer verso, sin artificios, sin pretensiones, sin la pompa que desgraciadamente suele esconderse tras la obra de no pocos autores. La naturalidad en la expresi\u00f3n y la nitidez de las ideas y sentimientos que va vertiendo como si de un tranquilo y continuo manantial de agua fresca se tratase, han convertido la lectura de este precioso libro en una de las experiencias m\u00e1s vivas y gratificantes que ha tenido este lector habitual de poes\u00eda que suele cabrearse con lo que lee.\u00bb Gracias.<\/p>\n<div class=\"issuuembed\" style=\"width: 800px; height: 566px;\" data-configid=\"26264592\/38846323\"><\/div>\n<p><script src=\"\/\/e.issuu.com\/embed.js\" async=\"true\" type=\"text\/javascript\"><\/script><\/p>\n","protected":false},"excerpt":{"rendered":"<p>EL \u00c1NGEL FUMADOR (La isla de Siltol\u00e1, Sevilla, 2012) Comenta un lector en Amazon: \u00abPara empezar, destacar\u00eda la autenticidad que transmite desde el primer verso, sin artificios, sin pretensiones, sin la pompa que desgraciadamente suele esconderse tras la obra de no pocos autores. La naturalidad en la expresi\u00f3n y la nitidez de las ideas y<\/p>\n<div><a class=\"btn-filled btn\" href=\"https:\/\/lauracampmany.com\/?page_id=2093\" title=\"El \u00c1ngel Fumador\">Read More<\/a><\/div>\n","protected":false},"author":1,"featured_media":0,"parent":0,"menu_order":0,"comment_status":"closed","ping_status":"closed","template":"","meta":[],"_links":{"self":[{"href":"https:\/\/lauracampmany.com\/index.php?rest_route=\/wp\/v2\/pages\/2093"}],"collection":[{"href":"https:\/\/lauracampmany.com\/index.php?rest_route=\/wp\/v2\/pages"}],"about":[{"href":"https:\/\/lauracampmany.com\/index.php?rest_route=\/wp\/v2\/types\/page"}],"author":[{"embeddable":true,"href":"https:\/\/lauracampmany.com\/index.php?rest_route=\/wp\/v2\/users\/1"}],"replies":[{"embeddable":true,"href":"https:\/\/lauracampmany.com\/index.php?rest_route=%2Fwp%2Fv2%2Fcomments&post=2093"}],"version-history":[{"count":3,"href":"https:\/\/lauracampmany.com\/index.php?rest_route=\/wp\/v2\/pages\/2093\/revisions"}],"predecessor-version":[{"id":2306,"href":"https:\/\/lauracampmany.com\/index.php?rest_route=\/wp\/v2\/pages\/2093\/revisions\/2306"}],"wp:attachment":[{"href":"https:\/\/lauracampmany.com\/index.php?rest_route=%2Fwp%2Fv2%2Fmedia&parent=2093"}],"curies":[{"name":"wp","href":"https:\/\/api.w.org\/{rel}","templated":true}]}}