{"id":2095,"date":"2016-09-16T12:16:56","date_gmt":"2016-09-16T11:16:56","guid":{"rendered":"http:\/\/lauracampmany.com\/?page_id=2095"},"modified":"2016-09-30T13:00:47","modified_gmt":"2016-09-30T12:00:47","slug":"travesia-del-olvido","status":"publish","type":"page","link":"https:\/\/lauracampmany.com\/?page_id=2095","title":{"rendered":"Traves\u00eda del olvido"},"content":{"rendered":"<h4><b>TRAVES\u00cdA DEL OLVIDO (Hiperi\u00f3n, Madrid, 1998)<\/b><\/h4>\n<p>En Madrid, el 20 de marzo de 1998, reunido un jurado compuesto por los poetas Francisco Casta\u00f1o, Luis Garc\u00eda Montero, Jes\u00fas Mun\u00e1rriz, Carlos Piera y Jenaro Talens decidi\u00f3 por unanimidad conceder el XIII Premio de Poes\u00eda Hiperi\u00f3n al libro <i>Traves\u00eda de Olvido<\/i>, de Laura Campmany. El jurado destac\u00f3 \u00absu coherencia y unidad, su lograda simbiosis entre vida y literatura, la autenticidad y gallard\u00eda de su voz po\u00e9tica y el notable dominio formal de su expresi\u00f3n, que combina con acierto estrofas y ritmos cl\u00e1sicos y contempor\u00e1neos\u00bb.<\/p>\n<div class=\"issuuembed\" style=\"width: 800px; height: 566px;\" data-configid=\"26264592\/38846412\"><\/div>\n<p><script src=\"\/\/e.issuu.com\/embed.js\" async=\"true\" type=\"text\/javascript\"><\/script><\/p>\n","protected":false},"excerpt":{"rendered":"<p>TRAVES\u00cdA DEL OLVIDO (Hiperi\u00f3n, Madrid, 1998) En Madrid, el 20 de marzo de 1998, reunido un jurado compuesto por los poetas Francisco Casta\u00f1o, Luis Garc\u00eda Montero, Jes\u00fas Mun\u00e1rriz, Carlos Piera y Jenaro Talens decidi\u00f3 por unanimidad conceder el XIII Premio de Poes\u00eda Hiperi\u00f3n al libro Traves\u00eda de Olvido, de Laura Campmany. El jurado destac\u00f3 \u00absu<\/p>\n<div><a class=\"btn-filled btn\" href=\"https:\/\/lauracampmany.com\/?page_id=2095\" title=\"Traves\u00eda del olvido\">Read More<\/a><\/div>\n","protected":false},"author":1,"featured_media":0,"parent":0,"menu_order":0,"comment_status":"closed","ping_status":"closed","template":"","meta":[],"_links":{"self":[{"href":"https:\/\/lauracampmany.com\/index.php?rest_route=\/wp\/v2\/pages\/2095"}],"collection":[{"href":"https:\/\/lauracampmany.com\/index.php?rest_route=\/wp\/v2\/pages"}],"about":[{"href":"https:\/\/lauracampmany.com\/index.php?rest_route=\/wp\/v2\/types\/page"}],"author":[{"embeddable":true,"href":"https:\/\/lauracampmany.com\/index.php?rest_route=\/wp\/v2\/users\/1"}],"replies":[{"embeddable":true,"href":"https:\/\/lauracampmany.com\/index.php?rest_route=%2Fwp%2Fv2%2Fcomments&post=2095"}],"version-history":[{"count":2,"href":"https:\/\/lauracampmany.com\/index.php?rest_route=\/wp\/v2\/pages\/2095\/revisions"}],"predecessor-version":[{"id":2107,"href":"https:\/\/lauracampmany.com\/index.php?rest_route=\/wp\/v2\/pages\/2095\/revisions\/2107"}],"wp:attachment":[{"href":"https:\/\/lauracampmany.com\/index.php?rest_route=%2Fwp%2Fv2%2Fmedia&parent=2095"}],"curies":[{"name":"wp","href":"https:\/\/api.w.org\/{rel}","templated":true}]}}