{"id":2292,"date":"2016-09-30T12:57:34","date_gmt":"2016-09-30T11:57:34","guid":{"rendered":"http:\/\/lauracampmany.com\/?page_id=2292"},"modified":"2016-09-30T12:59:35","modified_gmt":"2016-09-30T11:59:35","slug":"biografia","status":"publish","type":"page","link":"https:\/\/lauracampmany.com\/?page_id=2292","title":{"rendered":"BIOGRAF\u00cdA"},"content":{"rendered":"<p>BREVE NOTA BIO-BIBLIOGR\u00c1FICA<\/p>\n<p>Laura Campmany Bermejo (Madrid, 1962) es licenciada en Filolog\u00eda Hisp\u00e1nica por la Universidad Complutense y trabaja desde 1987 como traductora en la Comisi\u00f3n de las Comunidades Europeas en Bruselas.<\/p>\n<p><img loading=\"lazy\" class=\"size-full wp-image-2049 alignleft\" src=\"https:\/\/i2.wp.com\/lauracampmany.com\/wp-content\/uploads\/2016\/07\/laura-campmany-644x362.jpg?resize=644%2C362\" alt=\"laura-campmany--644x362\" srcset=\"https:\/\/i2.wp.com\/lauracampmany.com\/wp-content\/uploads\/2016\/07\/laura-campmany-644x362.jpg?resize=644%2C362 644w, https:\/\/i2.wp.com\/lauracampmany.com\/wp-content\/uploads\/2016\/07\/laura-campmany-644x362.jpg?resize=300%2C169 300w\" sizes=\"(max-width: 644px) 100vw, 644px\" data-recalc-dims=\"1\" \/><\/p>\n<p>Ha publicado <strong>Del amor o del agua<\/strong> (Madrid, Bit\u00e1cora, 1993, Premio de Poes\u00eda Feria del Libro de Madrid), <strong>Traves\u00eda del olvido<\/strong> (Madrid, Hiperi\u00f3n, 1998, Premio de Poes\u00eda Hiperi\u00f3n), <strong>Verbigracia<\/strong> (Bruselas, Excritos, 2001) y <strong>El \u00e1ngel fumador<\/strong> (Sevilla, Isla de Siltol\u00e1, 2012).<\/p>\n<p>Es tambi\u00e9n coautora de una traducci\u00f3n en verso de <strong>Cyrano de Bergerac<\/strong>, de Edmond Rostand, estrenada en febrero de 2000 en el Teatro Espa\u00f1ol de Madrid y publicada en la Colecci\u00f3n Austral (Madrid, Espasa Calpe, 2000), y autora de <strong>El sue\u00f1o de la libertad<\/strong> \u2013 Juguete tragic\u00f3mico en dos actos, estrenada en el Espace Senghor de Bruselas en 2002.<\/p>\n<p>Ha colaborado con una columna semanal de opini\u00f3n en ABC entre septiembre de 2005 y mayo de 2011.<\/p>\n","protected":false},"excerpt":{"rendered":"<p>BREVE NOTA BIO-BIBLIOGR\u00c1FICA Laura Campmany Bermejo (Madrid, 1962) es licenciada en Filolog\u00eda Hisp\u00e1nica por la Universidad Complutense y trabaja desde 1987 como traductora en la Comisi\u00f3n de las Comunidades Europeas en Bruselas. Ha publicado Del amor o del agua (Madrid, Bit\u00e1cora, 1993, Premio de Poes\u00eda Feria del Libro de Madrid), Traves\u00eda del olvido (Madrid, Hiperi\u00f3n,<\/p>\n<div><a class=\"btn-filled btn\" href=\"https:\/\/lauracampmany.com\/?page_id=2292\" title=\"BIOGRAF\u00cdA\">Read More<\/a><\/div>\n","protected":false},"author":1,"featured_media":0,"parent":0,"menu_order":0,"comment_status":"closed","ping_status":"closed","template":"","meta":[],"_links":{"self":[{"href":"https:\/\/lauracampmany.com\/index.php?rest_route=\/wp\/v2\/pages\/2292"}],"collection":[{"href":"https:\/\/lauracampmany.com\/index.php?rest_route=\/wp\/v2\/pages"}],"about":[{"href":"https:\/\/lauracampmany.com\/index.php?rest_route=\/wp\/v2\/types\/page"}],"author":[{"embeddable":true,"href":"https:\/\/lauracampmany.com\/index.php?rest_route=\/wp\/v2\/users\/1"}],"replies":[{"embeddable":true,"href":"https:\/\/lauracampmany.com\/index.php?rest_route=%2Fwp%2Fv2%2Fcomments&post=2292"}],"version-history":[{"count":6,"href":"https:\/\/lauracampmany.com\/index.php?rest_route=\/wp\/v2\/pages\/2292\/revisions"}],"predecessor-version":[{"id":2298,"href":"https:\/\/lauracampmany.com\/index.php?rest_route=\/wp\/v2\/pages\/2292\/revisions\/2298"}],"wp:attachment":[{"href":"https:\/\/lauracampmany.com\/index.php?rest_route=%2Fwp%2Fv2%2Fmedia&parent=2292"}],"curies":[{"name":"wp","href":"https:\/\/api.w.org\/{rel}","templated":true}]}}